{"id":27,"date":"2025-10-21T11:29:30","date_gmt":"2025-10-21T11:29:30","guid":{"rendered":"https:\/\/xanetastudio.estaciondiseno.es\/?page_id=27"},"modified":"2026-02-03T20:26:29","modified_gmt":"2026-02-03T20:26:29","slug":"sobre-mi","status":"publish","type":"page","link":"https:\/\/xanetastudio.estaciondiseno.es\/index.php\/sobre-mi\/","title":{"rendered":"Sobre mi"},"content":{"rendered":"\t\t<div data-elementor-type=\"wp-page\" data-elementor-id=\"27\" class=\"elementor elementor-27\" data-elementor-post-type=\"page\">\n\t\t\t\t\t\t<section class=\"elementor-section elementor-top-section elementor-element elementor-element-9d7cc98 elementor-section-full_width elementor-section-height-default elementor-section-height-default\" data-id=\"9d7cc98\" data-element_type=\"section\">\n\t\t\t\t\t\t<div class=\"elementor-container elementor-column-gap-default\">\n\t\t\t\t\t<div class=\"elementor-column elementor-col-50 elementor-top-column elementor-element elementor-element-8b30ccf\" data-id=\"8b30ccf\" data-element_type=\"column\">\n\t\t\t<div class=\"elementor-widget-wrap elementor-element-populated\">\n\t\t\t\t\t\t<div class=\"elementor-element elementor-element-9fd8eae elementor-widget elementor-widget-image\" data-id=\"9fd8eae\" data-element_type=\"widget\" data-widget_type=\"image.default\">\n\t\t\t\t<div class=\"elementor-widget-container\">\n\t\t\t\t\t\t\t\t\t\t\t\t\t\t\t<img fetchpriority=\"high\" decoding=\"async\" width=\"587\" height=\"831\" src=\"https:\/\/xanetastudio.estaciondiseno.es\/wp-content\/uploads\/2026\/02\/Captura-de-pantalla-2026-02-03-201600.jpg\" class=\"attachment-full size-full wp-image-607\" alt=\"\" srcset=\"https:\/\/xanetastudio.estaciondiseno.es\/wp-content\/uploads\/2026\/02\/Captura-de-pantalla-2026-02-03-201600.jpg 587w, https:\/\/xanetastudio.estaciondiseno.es\/wp-content\/uploads\/2026\/02\/Captura-de-pantalla-2026-02-03-201600-212x300.jpg 212w\" sizes=\"(max-width: 587px) 100vw, 587px\" \/>\t\t\t\t\t\t\t\t\t\t\t\t\t\t\t<\/div>\n\t\t\t\t<\/div>\n\t\t\t\t\t<\/div>\n\t\t<\/div>\n\t\t\t\t<div class=\"elementor-column elementor-col-50 elementor-top-column elementor-element elementor-element-a9713a8\" data-id=\"a9713a8\" data-element_type=\"column\">\n\t\t\t<div class=\"elementor-widget-wrap elementor-element-populated\">\n\t\t\t\t\t\t<div class=\"elementor-element elementor-element-e1f88f2 elementor-widget__width-initial elementor-widget-mobile__width-initial elementor-widget elementor-widget-text-editor\" data-id=\"e1f88f2\" data-element_type=\"widget\" data-widget_type=\"text-editor.default\">\n\t\t\t\t<div class=\"elementor-widget-container\">\n\t\t\t\t\t\t\t\t\t<p><span style=\"font-weight: 400;\">Soy Marina Cuberta tengo 21 a\u00f1os, actualmente estoy cursando el 4\u00ba a\u00f1o de Dise\u00f1o de moda en estaci\u00f3n dise\u00f1o.<\/span><\/p>\n<p><span style=\"font-weight: 400;\">La moda me apasiona desde que soy peque\u00f1a, pero estos a\u00f1os de carrera me he interesado sobre todo por el estilismo, dise\u00f1o y la confecci\u00f3n.<\/span><\/p>\n<p><span style=\"font-weight: 400;\">Mi estilo se caracteriza por ser moderno, atrevido, sensual y urbano.&nbsp;<\/span><\/p>\n<p><span style=\"font-weight: 400;\">Me considero una persona muy sociable y emp\u00e1tica, por lo que no me suele costar comunicarse con los dem\u00e1s. Adem\u00e1s soy trabajadora y perfeccionista.<\/span><\/p>\t\t\t\t\t\t\t\t<\/div>\n\t\t\t\t<\/div>\n\t\t\t\t\t<\/div>\n\t\t<\/div>\n\t\t\t\t\t<\/div>\n\t\t<\/section>\n\t\t\t\t<\/div>\n\t\t","protected":false},"excerpt":{"rendered":"<p>Soy Marina Cuberta tengo 21 a\u00f1os, actualmente estoy cursando el 4\u00ba a\u00f1o de Dise\u00f1o de moda en estaci\u00f3n dise\u00f1o. La moda me apasiona desde que soy peque\u00f1a, pero estos a\u00f1os de carrera me he interesado sobre todo por el estilismo, dise\u00f1o y la confecci\u00f3n. Mi estilo se caracteriza por ser moderno, atrevido, sensual y urbano.&nbsp; [&hellip;]<\/p>\n","protected":false},"author":1,"featured_media":0,"parent":0,"menu_order":0,"comment_status":"closed","ping_status":"closed","template":"elementor_header_footer","meta":{"footnotes":""},"class_list":["post-27","page","type-page","status-publish"],"yoast_head":"<!-- This site is optimized with the Yoast SEO Premium plugin v20.12 (Yoast SEO v20.12) - https:\/\/yoast.com\/wordpress\/plugins\/seo\/ -->\n<title>Sobre mi - Xaneta studio<\/title>\n<meta name=\"robots\" content=\"index, follow, max-snippet:-1, max-image-preview:large, max-video-preview:-1\" \/>\n<link rel=\"canonical\" href=\"https:\/\/xanetastudio.estaciondiseno.es\/index.php\/sobre-mi\/\" \/>\n<meta property=\"og:locale\" content=\"es_ES\" \/>\n<meta property=\"og:type\" content=\"article\" \/>\n<meta property=\"og:title\" content=\"Sobre mi\" \/>\n<meta property=\"og:description\" content=\"Soy Marina Cuberta tengo 21 a\u00f1os, actualmente estoy cursando el 4\u00ba a\u00f1o de Dise\u00f1o de moda en estaci\u00f3n dise\u00f1o. La moda me apasiona desde que soy peque\u00f1a, pero estos a\u00f1os de carrera me he interesado sobre todo por el estilismo, dise\u00f1o y la confecci\u00f3n. Mi estilo se caracteriza por ser moderno, atrevido, sensual y urbano.&nbsp; [&hellip;]\" \/>\n<meta property=\"og:url\" content=\"https:\/\/xanetastudio.estaciondiseno.es\/index.php\/sobre-mi\/\" \/>\n<meta property=\"og:site_name\" content=\"Xaneta studio\" \/>\n<meta property=\"article:modified_time\" content=\"2026-02-03T20:26:29+00:00\" \/>\n<meta property=\"og:image\" content=\"https:\/\/xanetastudio.estaciondiseno.es\/wp-content\/uploads\/2026\/02\/Captura-de-pantalla-2026-02-03-201600.jpg\" \/>\n<meta name=\"twitter:card\" content=\"summary_large_image\" \/>\n<meta name=\"twitter:label1\" content=\"Tiempo de lectura\" \/>\n\t<meta name=\"twitter:data1\" content=\"1 minuto\" \/>\n<script type=\"application\/ld+json\" class=\"yoast-schema-graph\">{\"@context\":\"https:\/\/schema.org\",\"@graph\":[{\"@type\":\"WebPage\",\"@id\":\"https:\/\/xanetastudio.estaciondiseno.es\/index.php\/sobre-mi\/\",\"url\":\"https:\/\/xanetastudio.estaciondiseno.es\/index.php\/sobre-mi\/\",\"name\":\"Sobre mi - Xaneta studio\",\"isPartOf\":{\"@id\":\"https:\/\/xanetastudio.estaciondiseno.es\/#website\"},\"datePublished\":\"2025-10-21T11:29:30+00:00\",\"dateModified\":\"2026-02-03T20:26:29+00:00\",\"breadcrumb\":{\"@id\":\"https:\/\/xanetastudio.estaciondiseno.es\/index.php\/sobre-mi\/#breadcrumb\"},\"inLanguage\":\"es\",\"potentialAction\":[{\"@type\":\"ReadAction\",\"target\":[\"https:\/\/xanetastudio.estaciondiseno.es\/index.php\/sobre-mi\/\"]}]},{\"@type\":\"BreadcrumbList\",\"@id\":\"https:\/\/xanetastudio.estaciondiseno.es\/index.php\/sobre-mi\/#breadcrumb\",\"itemListElement\":[{\"@type\":\"ListItem\",\"position\":1,\"name\":\"Home\",\"item\":\"https:\/\/xanetastudio.estaciondiseno.es\/\"},{\"@type\":\"ListItem\",\"position\":2,\"name\":\"Sobre mi\"}]},{\"@type\":\"WebSite\",\"@id\":\"https:\/\/xanetastudio.estaciondiseno.es\/#website\",\"url\":\"https:\/\/xanetastudio.estaciondiseno.es\/\",\"name\":\"Xaneta studio\",\"description\":\"\",\"publisher\":{\"@id\":\"https:\/\/xanetastudio.estaciondiseno.es\/#organization\"},\"potentialAction\":[{\"@type\":\"SearchAction\",\"target\":{\"@type\":\"EntryPoint\",\"urlTemplate\":\"https:\/\/xanetastudio.estaciondiseno.es\/?s={search_term_string}\"},\"query-input\":\"required name=search_term_string\"}],\"inLanguage\":\"es\"},{\"@type\":\"Organization\",\"@id\":\"https:\/\/xanetastudio.estaciondiseno.es\/#organization\",\"name\":\"Xaneta studio\",\"url\":\"https:\/\/xanetastudio.estaciondiseno.es\/\",\"logo\":{\"@type\":\"ImageObject\",\"inLanguage\":\"es\",\"@id\":\"https:\/\/xanetastudio.estaciondiseno.es\/#\/schema\/logo\/image\/\",\"url\":\"https:\/\/xanetastudio.estaciondiseno.es\/wp-content\/uploads\/2026\/01\/xaneta.png\",\"contentUrl\":\"https:\/\/xanetastudio.estaciondiseno.es\/wp-content\/uploads\/2026\/01\/xaneta.png\",\"width\":729,\"height\":308,\"caption\":\"Xaneta studio\"},\"image\":{\"@id\":\"https:\/\/xanetastudio.estaciondiseno.es\/#\/schema\/logo\/image\/\"}}]}<\/script>\n<!-- \/ Yoast SEO Premium plugin. -->","yoast_head_json":{"title":"Sobre mi - Xaneta studio","robots":{"index":"index","follow":"follow","max-snippet":"max-snippet:-1","max-image-preview":"max-image-preview:large","max-video-preview":"max-video-preview:-1"},"canonical":"https:\/\/xanetastudio.estaciondiseno.es\/index.php\/sobre-mi\/","og_locale":"es_ES","og_type":"article","og_title":"Sobre mi","og_description":"Soy Marina Cuberta tengo 21 a\u00f1os, actualmente estoy cursando el 4\u00ba a\u00f1o de Dise\u00f1o de moda en estaci\u00f3n dise\u00f1o. La moda me apasiona desde que soy peque\u00f1a, pero estos a\u00f1os de carrera me he interesado sobre todo por el estilismo, dise\u00f1o y la confecci\u00f3n. Mi estilo se caracteriza por ser moderno, atrevido, sensual y urbano.&nbsp; [&hellip;]","og_url":"https:\/\/xanetastudio.estaciondiseno.es\/index.php\/sobre-mi\/","og_site_name":"Xaneta studio","article_modified_time":"2026-02-03T20:26:29+00:00","og_image":[{"url":"https:\/\/xanetastudio.estaciondiseno.es\/wp-content\/uploads\/2026\/02\/Captura-de-pantalla-2026-02-03-201600.jpg"}],"twitter_card":"summary_large_image","twitter_misc":{"Tiempo de lectura":"1 minuto"},"schema":{"@context":"https:\/\/schema.org","@graph":[{"@type":"WebPage","@id":"https:\/\/xanetastudio.estaciondiseno.es\/index.php\/sobre-mi\/","url":"https:\/\/xanetastudio.estaciondiseno.es\/index.php\/sobre-mi\/","name":"Sobre mi - Xaneta studio","isPartOf":{"@id":"https:\/\/xanetastudio.estaciondiseno.es\/#website"},"datePublished":"2025-10-21T11:29:30+00:00","dateModified":"2026-02-03T20:26:29+00:00","breadcrumb":{"@id":"https:\/\/xanetastudio.estaciondiseno.es\/index.php\/sobre-mi\/#breadcrumb"},"inLanguage":"es","potentialAction":[{"@type":"ReadAction","target":["https:\/\/xanetastudio.estaciondiseno.es\/index.php\/sobre-mi\/"]}]},{"@type":"BreadcrumbList","@id":"https:\/\/xanetastudio.estaciondiseno.es\/index.php\/sobre-mi\/#breadcrumb","itemListElement":[{"@type":"ListItem","position":1,"name":"Home","item":"https:\/\/xanetastudio.estaciondiseno.es\/"},{"@type":"ListItem","position":2,"name":"Sobre mi"}]},{"@type":"WebSite","@id":"https:\/\/xanetastudio.estaciondiseno.es\/#website","url":"https:\/\/xanetastudio.estaciondiseno.es\/","name":"Xaneta studio","description":"","publisher":{"@id":"https:\/\/xanetastudio.estaciondiseno.es\/#organization"},"potentialAction":[{"@type":"SearchAction","target":{"@type":"EntryPoint","urlTemplate":"https:\/\/xanetastudio.estaciondiseno.es\/?s={search_term_string}"},"query-input":"required name=search_term_string"}],"inLanguage":"es"},{"@type":"Organization","@id":"https:\/\/xanetastudio.estaciondiseno.es\/#organization","name":"Xaneta studio","url":"https:\/\/xanetastudio.estaciondiseno.es\/","logo":{"@type":"ImageObject","inLanguage":"es","@id":"https:\/\/xanetastudio.estaciondiseno.es\/#\/schema\/logo\/image\/","url":"https:\/\/xanetastudio.estaciondiseno.es\/wp-content\/uploads\/2026\/01\/xaneta.png","contentUrl":"https:\/\/xanetastudio.estaciondiseno.es\/wp-content\/uploads\/2026\/01\/xaneta.png","width":729,"height":308,"caption":"Xaneta studio"},"image":{"@id":"https:\/\/xanetastudio.estaciondiseno.es\/#\/schema\/logo\/image\/"}}]}},"_links":{"self":[{"href":"https:\/\/xanetastudio.estaciondiseno.es\/index.php\/wp-json\/wp\/v2\/pages\/27","targetHints":{"allow":["GET"]}}],"collection":[{"href":"https:\/\/xanetastudio.estaciondiseno.es\/index.php\/wp-json\/wp\/v2\/pages"}],"about":[{"href":"https:\/\/xanetastudio.estaciondiseno.es\/index.php\/wp-json\/wp\/v2\/types\/page"}],"author":[{"embeddable":true,"href":"https:\/\/xanetastudio.estaciondiseno.es\/index.php\/wp-json\/wp\/v2\/users\/1"}],"replies":[{"embeddable":true,"href":"https:\/\/xanetastudio.estaciondiseno.es\/index.php\/wp-json\/wp\/v2\/comments?post=27"}],"version-history":[{"count":16,"href":"https:\/\/xanetastudio.estaciondiseno.es\/index.php\/wp-json\/wp\/v2\/pages\/27\/revisions"}],"predecessor-version":[{"id":669,"href":"https:\/\/xanetastudio.estaciondiseno.es\/index.php\/wp-json\/wp\/v2\/pages\/27\/revisions\/669"}],"wp:attachment":[{"href":"https:\/\/xanetastudio.estaciondiseno.es\/index.php\/wp-json\/wp\/v2\/media?parent=27"}],"curies":[{"name":"wp","href":"https:\/\/api.w.org\/{rel}","templated":true}]}}